{"id":91,"date":"2024-03-11T11:35:33","date_gmt":"2024-03-11T11:35:33","guid":{"rendered":"https:\/\/gavila.es\/tienda\/?post_type=product&#038;p=91"},"modified":"2024-09-04T08:06:09","modified_gmt":"2024-09-04T08:06:09","slug":"inodoro-bide-meg-11-galassia","status":"publish","type":"product","link":"https:\/\/gavila.es\/tienda\/index.php\/producto\/inodoro-bide-meg-11-galassia\/","title":{"rendered":"Inodoro y bid\u00e9 Meg 11 Galassia"},"content":{"rendered":"<p>Conjunto de exposici\u00f3n, nuevo!<\/p>\n<p>Por renovaci\u00f3n de nuestros ambientes en nuestro showroom ofertamos este conjunto de alta calidad a un precio muy b\u00e1sico.<\/p>\n<p>El asiento es de ca\u00edda amortiguada. Grifo de bid\u00e9 y v\u00e1lvula\/sifones no incluidos en el precio, a consultar.<\/p>\n<p>Para ampliar info, <a href=\"https:\/\/www.ceramicagalassia.com\/catalogue\/meg11\/wall-hung-sanitary-ware\/wall-hung-wc.html\">aqu\u00ed<\/a><\/p>\n<p>Y si necesitas completar con un monomando de bidet, puedes ponerle el que lleva en la fotograf\u00eda o <a href=\"https:\/\/gavila.es\/tienda\/index.php\/producto\/grifo-bide-novus-hans-grohe\/\">este<\/a>.<\/p>\n<p>&nbsp;<\/p>\n","protected":false},"excerpt":{"rendered":"<p>Ofert\u00f3n!<\/p>\n","protected":false},"featured_media":103,"template":"","meta":[],"product_brand":[],"product_cat":[25,18],"product_tag":[22,33,32,37,35,36,34],"class_list":{"0":"post-91","1":"product","2":"type-product","3":"status-publish","4":"has-post-thumbnail","6":"product_cat-outlet","7":"product_cat-sanitario","8":"product_tag-alta-calidad","9":"product_tag-blanco-brillo","10":"product_tag-galassia","11":"product_tag-porcelana","12":"product_tag-promo","13":"product_tag-showroom","14":"product_tag-suspendido","16":"first","17":"instock","18":"taxable","19":"shipping-taxable","20":"purchasable","21":"product-type-simple"},"jetpack_sharing_enabled":true,"_links":{"self":[{"href":"https:\/\/gavila.es\/tienda\/index.php\/wp-json\/wp\/v2\/product\/91","targetHints":{"allow":["GET"]}}],"collection":[{"href":"https:\/\/gavila.es\/tienda\/index.php\/wp-json\/wp\/v2\/product"}],"about":[{"href":"https:\/\/gavila.es\/tienda\/index.php\/wp-json\/wp\/v2\/types\/product"}],"wp:featuredmedia":[{"embeddable":true,"href":"https:\/\/gavila.es\/tienda\/index.php\/wp-json\/wp\/v2\/media\/103"}],"wp:attachment":[{"href":"https:\/\/gavila.es\/tienda\/index.php\/wp-json\/wp\/v2\/media?parent=91"}],"wp:term":[{"taxonomy":"product_brand","embeddable":true,"href":"https:\/\/gavila.es\/tienda\/index.php\/wp-json\/wp\/v2\/product_brand?post=91"},{"taxonomy":"product_cat","embeddable":true,"href":"https:\/\/gavila.es\/tienda\/index.php\/wp-json\/wp\/v2\/product_cat?post=91"},{"taxonomy":"product_tag","embeddable":true,"href":"https:\/\/gavila.es\/tienda\/index.php\/wp-json\/wp\/v2\/product_tag?post=91"}],"curies":[{"name":"wp","href":"https:\/\/api.w.org\/{rel}","templated":true}]}}