{"id":82,"date":"2024-01-04T10:17:35","date_gmt":"2024-01-04T10:17:35","guid":{"rendered":"https:\/\/gavila.es\/tienda\/?post_type=product&#038;p=82"},"modified":"2025-07-29T17:26:17","modified_gmt":"2025-07-29T17:26:17","slug":"jabonera-para-barra-de-ducha-con-limpia-mamparas","status":"publish","type":"product","link":"https:\/\/gavila.es\/tienda\/index.php\/producto\/jabonera-para-barra-de-ducha-con-limpia-mamparas\/","title":{"rendered":"Jabonera para barra de ducha con limpia mamparas"},"content":{"rendered":"<p data-start=\"113\" data-end=\"211\"><strong data-start=\"113\" data-end=\"190\">Jabonera para Barra de Ducha con Limpiamamparas \u2013 Modelo 1126 | Manillons<\/strong><br data-start=\"190\" data-end=\"193\" \/><strong data-start=\"193\" data-end=\"211\">Acabado Blanco<\/strong><\/p>\n<p data-start=\"213\" data-end=\"508\">Dise\u00f1ada para ofrecer funcionalidad y estilo en tu ducha, esta jabonera modelo 1126 de <strong data-start=\"300\" data-end=\"313\">Manillons<\/strong> combina soporte para jab\u00f3n y pr\u00e1ctico limpiamamparas en una sola pieza. Fabricada con materiales de alta calidad y acabado blanco, se integra discretamente en cualquier ambiente de ba\u00f1o moderno.<\/p>\n<ul data-start=\"510\" data-end=\"771\">\n<li data-start=\"510\" data-end=\"555\">\n<p data-start=\"512\" data-end=\"555\"><strong data-start=\"512\" data-end=\"553\">Compatible con barras de \u00d822 y \u00d825 mm<\/strong><\/p>\n<\/li>\n<li data-start=\"556\" data-end=\"635\">\n<p data-start=\"558\" data-end=\"635\"><strong data-start=\"558\" data-end=\"604\">Instalaci\u00f3n directa con el tubo ya montado<\/strong> \u2013 sin necesidad de desmontar<\/p>\n<\/li>\n<li data-start=\"636\" data-end=\"678\">\n<p data-start=\"638\" data-end=\"678\"><strong data-start=\"638\" data-end=\"650\">Medidas:<\/strong> 32,5 x 7,5 x 11 cm (alto)<\/p>\n<\/li>\n<li data-start=\"679\" data-end=\"771\">\n<p data-start=\"681\" data-end=\"771\">Ideal para mantener el \u00e1rea de la ducha ordenada y los cristales libres de marcas de agua.<\/p>\n<\/li>\n<\/ul>\n<p data-start=\"773\" data-end=\"851\">Un accesorio vers\u00e1til y duradero, perfecto para completar tu espacio de ducha.<\/p>\n","protected":false},"excerpt":{"rendered":"<p>Jabonera para Barra de Ducha con Limpiamamparas \u2013 Modelo 1126 | ManillonsAcabado Blanco Dise\u00f1ada para ofrecer funcionalidad y estilo en tu ducha, esta jabonera modelo 1126 de Manillons combina soporte para jab\u00f3n y pr\u00e1ctico limpiamamparas en una sola pieza. Fabricada con materiales de alta calidad y acabado blanco, se integra discretamente en cualquier ambiente de [&hellip;]<\/p>\n","protected":false},"featured_media":84,"template":"","meta":[],"product_brand":[93],"product_cat":[29],"product_tag":[20,159,158],"class_list":{"0":"post-82","1":"product","2":"type-product","3":"status-publish","4":"has-post-thumbnail","6":"product_brand-manillons-torrent","7":"product_cat-accesorios","8":"product_tag-blanco","9":"product_tag-jabonera","10":"product_tag-limpiamampara","11":"product_shipping_class-ligero","13":"first","14":"instock","15":"sale","16":"taxable","17":"shipping-taxable","18":"purchasable","19":"product-type-simple"},"jetpack_sharing_enabled":true,"_links":{"self":[{"href":"https:\/\/gavila.es\/tienda\/index.php\/wp-json\/wp\/v2\/product\/82","targetHints":{"allow":["GET"]}}],"collection":[{"href":"https:\/\/gavila.es\/tienda\/index.php\/wp-json\/wp\/v2\/product"}],"about":[{"href":"https:\/\/gavila.es\/tienda\/index.php\/wp-json\/wp\/v2\/types\/product"}],"wp:featuredmedia":[{"embeddable":true,"href":"https:\/\/gavila.es\/tienda\/index.php\/wp-json\/wp\/v2\/media\/84"}],"wp:attachment":[{"href":"https:\/\/gavila.es\/tienda\/index.php\/wp-json\/wp\/v2\/media?parent=82"}],"wp:term":[{"taxonomy":"product_brand","embeddable":true,"href":"https:\/\/gavila.es\/tienda\/index.php\/wp-json\/wp\/v2\/product_brand?post=82"},{"taxonomy":"product_cat","embeddable":true,"href":"https:\/\/gavila.es\/tienda\/index.php\/wp-json\/wp\/v2\/product_cat?post=82"},{"taxonomy":"product_tag","embeddable":true,"href":"https:\/\/gavila.es\/tienda\/index.php\/wp-json\/wp\/v2\/product_tag?post=82"}],"curies":[{"name":"wp","href":"https:\/\/api.w.org\/{rel}","templated":true}]}}