{"id":819,"date":"2025-09-05T16:15:59","date_gmt":"2025-09-05T16:15:59","guid":{"rendered":"https:\/\/gavila.es\/tienda\/?post_type=product&#038;p=819"},"modified":"2026-02-28T17:39:18","modified_gmt":"2026-02-28T17:39:18","slug":"roadstone-tan-porcelanico-rectificado-60x60-tau","status":"publish","type":"product","link":"https:\/\/gavila.es\/tienda\/index.php\/producto\/roadstone-tan-porcelanico-rectificado-60x60-tau\/","title":{"rendered":"Roadstone Tan Porcel\u00e1nico Rectificado 60&#215;60 (Tau)"},"content":{"rendered":"<p>El <strong>Roadstone Tan 60&#215;60<\/strong> es un porcel\u00e1nico <strong>rectificado<\/strong> que destaca por su tono marr\u00f3n neutro y sofisticado, ideal para aquellos que buscan un dise\u00f1o contempor\u00e1neo y minimalista en sus interiores. Su formato de <strong>60X60 cm<\/strong> y acabado rectificado permite crear superficies continuas con juntas m\u00ednimas, aportando una sensaci\u00f3n de amplitud y perfecci\u00f3n visual en cualquier espacio.<\/p>\n<p>La sencillez de Integra lo convierte en un lienzo en blanco que se adapta armoniosamente a cualquier estilo. Su versatilidad es inigualable: se integra con la elegancia de los espacios contempor\u00e1neos, complementa la austeridad de los entornos industriales y a\u00f1ade un toque de autenticidad en ambientes tradicionales.<\/p>\n<p>Desde salones hasta cocinas y espacios p\u00fablicos hasta \u00e1reas comerciales, Integra se convierte en el tel\u00f3n de fondo perfecto para cualquier visi\u00f3n creativa. Ideal para aquellos que buscan un dise\u00f1o sencillo que se adapte a todos los gustos y entornos, trasnformando cada espacio en una manifestaci\u00f3n de la belleza natural y la elegancia atemporal.<\/p>\n<p>Este revestimiento es perfecto para aplicaciones en <strong>ba\u00f1os<\/strong>, <strong>cocinas<\/strong> o zonas de alto tr\u00e1nsito, gracias a su gran <strong>durabilidad<\/strong> y <strong>f\u00e1cil mantenimiento<\/strong>. Su acabado en <strong>topo mate<\/strong> complementa una amplia variedad de estilos de decoraci\u00f3n, desde el m\u00e1s industrial hasta el moderno y elegante.<\/p>\n<p><strong>Caracter\u00edsticas principales:<\/strong><\/p>\n<ul>\n<li><strong>Material:<\/strong> Cer\u00e1mico rectificado<\/li>\n<li><strong>Formato:<\/strong> 60&#215;60 cm<\/li>\n<li><strong>Acabado:<\/strong> Tan mate<\/li>\n<li><strong>Tipo de instalaci\u00f3n:<\/strong> Revestimiento para interiores<\/li>\n<li><strong>Uso recomendado:<\/strong> Ba\u00f1os, cocinas, paredes de zonas de estar<\/li>\n<li><strong>Alta durabilidad y f\u00e1cil limpieza<\/strong><\/li>\n<li><strong>Combinable con diferentes estilos decorativos<\/strong><\/li>\n<\/ul>\n<p>Crea ambientes llenos de estilo y funcionalidad con el <strong>porcel\u00e1nico Roadstone Tan 60&#215;60<\/strong>, la opci\u00f3n perfecta para quienes buscan elegancia y resistencia en un solo producto.<\/p>\n<p>&nbsp;<\/p>\n<p>Para pedido se servir\u00e1 por caja completa 1.44m2\/caja.<\/p>\n<p>Consultar con tienda para env\u00edos.<\/p>\n","protected":false},"excerpt":{"rendered":"<p>Ofert\u00f3n en stock propio! No es gris ni es beige, es Greige!<\/p>\n","protected":false},"featured_media":829,"template":"","meta":[],"product_brand":[84],"product_cat":[39,53],"product_tag":[41,46,82,59,42,45,162,160,40,81],"class_list":{"0":"post-819","1":"product","2":"type-product","3":"status-publish","4":"has-post-thumbnail","6":"product_brand-tau-ceramica","7":"product_cat-porcelanico","8":"product_cat-stock-gavila","9":"product_tag-azulejos","10":"product_tag-baldosas","11":"product_tag-cemento","12":"product_tag-mate","13":"product_tag-porcelanico","14":"product_tag-rectificado","15":"product_tag-roadstone","16":"product_tag-tan","17":"product_tag-tau","18":"product_tag-topo","20":"first","21":"instock","22":"taxable","23":"shipping-taxable","24":"product-type-simple"},"jetpack_sharing_enabled":true,"_links":{"self":[{"href":"https:\/\/gavila.es\/tienda\/index.php\/wp-json\/wp\/v2\/product\/819","targetHints":{"allow":["GET"]}}],"collection":[{"href":"https:\/\/gavila.es\/tienda\/index.php\/wp-json\/wp\/v2\/product"}],"about":[{"href":"https:\/\/gavila.es\/tienda\/index.php\/wp-json\/wp\/v2\/types\/product"}],"wp:featuredmedia":[{"embeddable":true,"href":"https:\/\/gavila.es\/tienda\/index.php\/wp-json\/wp\/v2\/media\/829"}],"wp:attachment":[{"href":"https:\/\/gavila.es\/tienda\/index.php\/wp-json\/wp\/v2\/media?parent=819"}],"wp:term":[{"taxonomy":"product_brand","embeddable":true,"href":"https:\/\/gavila.es\/tienda\/index.php\/wp-json\/wp\/v2\/product_brand?post=819"},{"taxonomy":"product_cat","embeddable":true,"href":"https:\/\/gavila.es\/tienda\/index.php\/wp-json\/wp\/v2\/product_cat?post=819"},{"taxonomy":"product_tag","embeddable":true,"href":"https:\/\/gavila.es\/tienda\/index.php\/wp-json\/wp\/v2\/product_tag?post=819"}],"curies":[{"name":"wp","href":"https:\/\/api.w.org\/{rel}","templated":true}]}}