{"id":670,"date":"2025-06-12T15:06:52","date_gmt":"2025-06-12T15:06:52","guid":{"rendered":"https:\/\/gavila.es\/tienda\/?post_type=product&#038;p=670"},"modified":"2025-06-13T15:41:57","modified_gmt":"2025-06-13T15:41:57","slug":"coleccion-cristal-manillons-torrent","status":"publish","type":"product","link":"https:\/\/gavila.es\/tienda\/index.php\/producto\/coleccion-cristal-manillons-torrent\/","title":{"rendered":"Colecci\u00f3n de accesorios Cristal Manillons Torrent"},"content":{"rendered":"<p>Colecci\u00f3n completa de accesorios cromo, modelo Cristal de Manillons Torrent.<\/p>\n<p>Incluye:<\/p>\n<p>1 toallero de 45 cm<\/p>\n<p>1 toallero para bide\/port.sin tapa<\/p>\n<p>1 portarrollos con tapa<\/p>\n<p>1 percha<\/p>\n<p>1 anilla de 23 cm<\/p>\n<p>1 toallero abatible de 33 cm<\/p>\n<p>Sistema de anclaje atornillado.<\/p>\n<p>&nbsp;<\/p>\n","protected":false},"excerpt":{"rendered":"<p>Oferta \u00fanica colecci\u00f3n completa, elemento de exposici\u00f3n.<\/p>\n","protected":false},"featured_media":671,"template":"","meta":[],"product_brand":[93],"product_cat":[29,25,53],"product_tag":[118,109],"class_list":{"0":"post-670","1":"product","2":"type-product","3":"status-publish","4":"has-post-thumbnail","6":"product_brand-manillons-torrent","7":"product_cat-accesorios","8":"product_cat-outlet","9":"product_cat-stock-gavila","10":"product_tag-accesorios","11":"product_tag-cromo","12":"product_shipping_class-ligero","14":"first","15":"instock","16":"sale","17":"taxable","18":"shipping-taxable","19":"purchasable","20":"product-type-simple"},"jetpack_sharing_enabled":true,"_links":{"self":[{"href":"https:\/\/gavila.es\/tienda\/index.php\/wp-json\/wp\/v2\/product\/670","targetHints":{"allow":["GET"]}}],"collection":[{"href":"https:\/\/gavila.es\/tienda\/index.php\/wp-json\/wp\/v2\/product"}],"about":[{"href":"https:\/\/gavila.es\/tienda\/index.php\/wp-json\/wp\/v2\/types\/product"}],"wp:featuredmedia":[{"embeddable":true,"href":"https:\/\/gavila.es\/tienda\/index.php\/wp-json\/wp\/v2\/media\/671"}],"wp:attachment":[{"href":"https:\/\/gavila.es\/tienda\/index.php\/wp-json\/wp\/v2\/media?parent=670"}],"wp:term":[{"taxonomy":"product_brand","embeddable":true,"href":"https:\/\/gavila.es\/tienda\/index.php\/wp-json\/wp\/v2\/product_brand?post=670"},{"taxonomy":"product_cat","embeddable":true,"href":"https:\/\/gavila.es\/tienda\/index.php\/wp-json\/wp\/v2\/product_cat?post=670"},{"taxonomy":"product_tag","embeddable":true,"href":"https:\/\/gavila.es\/tienda\/index.php\/wp-json\/wp\/v2\/product_tag?post=670"}],"curies":[{"name":"wp","href":"https:\/\/api.w.org\/{rel}","templated":true}]}}