{"id":634,"date":"2025-06-11T14:58:49","date_gmt":"2025-06-11T14:58:49","guid":{"rendered":"https:\/\/gavila.es\/tienda\/?post_type=product&#038;p=634"},"modified":"2025-06-11T15:03:39","modified_gmt":"2025-06-11T15:03:39","slug":"monomando-bide-negro-mate-art-imex-bdar025-2ng","status":"publish","type":"product","link":"https:\/\/gavila.es\/tienda\/index.php\/producto\/monomando-bide-negro-mate-art-imex-bdar025-2ng\/","title":{"rendered":"Monomando bide negro mate Art (Imex) BDAR025-2NG"},"content":{"rendered":"<div class=\"elementor-element elementor-element-a692d94 elementor-widget elementor-widget-jet-single-title\" data-id=\"a692d94\" data-element_type=\"widget\" data-widget_type=\"jet-single-title.default\">\n<div class=\"elementor-widget-container\">\n<div class=\"elementor-jet-single-title jet-woo-builder\">\n<div class=\"elementor-element elementor-element-a692d94 elementor-widget elementor-widget-jet-single-title\" data-id=\"a692d94\" data-element_type=\"widget\" data-widget_type=\"jet-single-title.default\">\n<div class=\"elementor-widget-container\">\n<div class=\"elementor-jet-single-title jet-woo-builder\">\n<div class=\"elementor-element elementor-element-a692d94 elementor-widget elementor-widget-jet-single-title\" data-id=\"a692d94\" data-element_type=\"widget\" data-widget_type=\"jet-single-title.default\">\n<div class=\"elementor-widget-container\">\n<div class=\"elementor-jet-single-title jet-woo-builder\">\n<div class=\"elementor-element elementor-element-a692d94 elementor-widget elementor-widget-jet-single-title\" data-id=\"a692d94\" data-element_type=\"widget\" data-widget_type=\"jet-single-title.default\">\n<div class=\"elementor-widget-container\">\n<div class=\"elementor-jet-single-title jet-woo-builder\">\n<h1 class=\"product_title entry-title\">Monomando de bid\u00e9 negro mate serie Art<\/h1>\n<\/div>\n<\/div>\n<\/div>\n<div class=\"elementor-element elementor-element-76e7b67 elementor-widget elementor-widget-jet-single-price\" data-id=\"76e7b67\" data-element_type=\"widget\" data-widget_type=\"jet-single-price.default\">\n<div class=\"elementor-widget-container\">\n<div class=\"elementor-jet-single-price jet-woo-builder\">\n<p class=\"price\">\n<\/div>\n<\/div>\n<\/div>\n<div class=\"elementor-element elementor-element-472b2c6 elementor-widget elementor-widget-jet-single-meta\" data-id=\"472b2c6\" data-element_type=\"widget\" data-widget_type=\"jet-single-meta.default\">\n<div class=\"elementor-widget-container\">\n<div class=\"elementor-jet-single-meta jet-woo-builder\">\n<div class=\"product_meta\"><span class=\"sku_wrapper\">SKU:\u00a0<span class=\"sku\">BDAR025-2NG<\/span><\/span><\/div>\n<div class=\"product_meta\"><span class=\"posted_in\">Categor\u00eda:\u00a0<a href=\"https:\/\/imexproducts.es\/categoria-producto\/bano\/bide\/\" rel=\"tag\">Bid\u00e9<\/a><\/span><\/div>\n<div class=\"product_meta\"><span class=\"tagged_as\">Etiqueta:\u00a0<a href=\"https:\/\/imexproducts.es\/etiqueta-producto\/negro\/\" rel=\"tag\">Negro<\/a><\/span><\/div>\n<\/div>\n<\/div>\n<\/div>\n<div class=\"elementor-element elementor-element-42e769b elementor-widget elementor-widget-jet-single-excerpt\" data-id=\"42e769b\" data-element_type=\"widget\" data-widget_type=\"jet-single-excerpt.default\">\n<div class=\"elementor-widget-container\">\n<div class=\"elementor-jet-single-excerpt jet-woo-builder\">\n<div class=\"woocommerce-product-details__short-description\">\n<p>Serie: Art.<br \/>\nReferencia: BDAR025-2NG.<br \/>\nMonomando de bid\u00e9.<br \/>\nCuerpo de grifer\u00eda en Laton negro mate.<br \/>\nCartucho cer\u00e1mico Citec de 25 mm.<br \/>\nLatiguillos 3\/8.<\/p>\n<\/div>\n<\/div>\n<\/div>\n<\/div>\n<\/div>\n<\/div>\n<\/div>\n<h1 class=\"product_title entry-title\"><\/h1>\n<\/div>\n<\/div>\n<\/div>\n<\/div>\n<\/div>\n<\/div>\n","protected":false},"excerpt":{"rendered":"<p>Monomando de bid\u00e9 negro mate serie Art SKU:\u00a0BDAR025-2NG Categor\u00eda:\u00a0Bid\u00e9 Etiqueta:\u00a0Negro Serie: Art. Referencia: BDAR025-2NG. Monomando de bid\u00e9. Cuerpo de grifer\u00eda en Laton negro mate. Cartucho cer\u00e1mico Citec de 25 mm. Latiguillos 3\/8.<\/p>\n","protected":false},"featured_media":635,"template":"","meta":[],"product_brand":[135],"product_cat":[17,53],"product_tag":[143,116,107,108,138],"class_list":{"0":"post-634","1":"product","2":"type-product","3":"status-publish","4":"has-post-thumbnail","6":"product_brand-imex","7":"product_cat-griferia","8":"product_cat-stock-gavila","9":"product_tag-art","10":"product_tag-bide","11":"product_tag-grifo","12":"product_tag-monomando","13":"product_tag-negro-mate","14":"product_shipping_class-ligero","16":"first","17":"instock","18":"sale","19":"taxable","20":"shipping-taxable","21":"purchasable","22":"product-type-simple"},"jetpack_sharing_enabled":true,"_links":{"self":[{"href":"https:\/\/gavila.es\/tienda\/index.php\/wp-json\/wp\/v2\/product\/634","targetHints":{"allow":["GET"]}}],"collection":[{"href":"https:\/\/gavila.es\/tienda\/index.php\/wp-json\/wp\/v2\/product"}],"about":[{"href":"https:\/\/gavila.es\/tienda\/index.php\/wp-json\/wp\/v2\/types\/product"}],"wp:featuredmedia":[{"embeddable":true,"href":"https:\/\/gavila.es\/tienda\/index.php\/wp-json\/wp\/v2\/media\/635"}],"wp:attachment":[{"href":"https:\/\/gavila.es\/tienda\/index.php\/wp-json\/wp\/v2\/media?parent=634"}],"wp:term":[{"taxonomy":"product_brand","embeddable":true,"href":"https:\/\/gavila.es\/tienda\/index.php\/wp-json\/wp\/v2\/product_brand?post=634"},{"taxonomy":"product_cat","embeddable":true,"href":"https:\/\/gavila.es\/tienda\/index.php\/wp-json\/wp\/v2\/product_cat?post=634"},{"taxonomy":"product_tag","embeddable":true,"href":"https:\/\/gavila.es\/tienda\/index.php\/wp-json\/wp\/v2\/product_tag?post=634"}],"curies":[{"name":"wp","href":"https:\/\/api.w.org\/{rel}","templated":true}]}}