{"id":630,"date":"2025-06-11T11:38:35","date_gmt":"2025-06-11T11:38:35","guid":{"rendered":"https:\/\/gavila.es\/tienda\/?post_type=product&#038;p=630"},"modified":"2025-06-11T12:53:59","modified_gmt":"2025-06-11T12:53:59","slug":"ducha-higienica-empotrada-munich-niquel-cepillado-imex-rdm001-nq","status":"publish","type":"product","link":"https:\/\/gavila.es\/tienda\/index.php\/producto\/ducha-higienica-empotrada-munich-niquel-cepillado-imex-rdm001-nq\/","title":{"rendered":"Ducha higi\u00e9nica empotrada Munich Niquel Cepillado (Imex) RDM001\/NQ"},"content":{"rendered":"<div class=\"elementor-element elementor-element-a692d94 elementor-widget elementor-widget-jet-single-title\" data-id=\"a692d94\" data-element_type=\"widget\" data-widget_type=\"jet-single-title.default\">\n<div class=\"elementor-widget-container\">\n<div class=\"elementor-jet-single-title jet-woo-builder\">\n<div class=\"elementor-element elementor-element-a692d94 elementor-widget elementor-widget-jet-single-title\" data-id=\"a692d94\" data-element_type=\"widget\" data-widget_type=\"jet-single-title.default\">\n<div class=\"elementor-widget-container\">\n<div class=\"elementor-jet-single-title jet-woo-builder\">\n<div class=\"elementor-element elementor-element-a692d94 elementor-widget elementor-widget-jet-single-title\" data-id=\"a692d94\" data-element_type=\"widget\" data-widget_type=\"jet-single-title.default\">\n<div class=\"elementor-widget-container\">\n<div class=\"elementor-jet-single-title jet-woo-builder\">\n<h1 class=\"product_title entry-title\">Grifer\u00eda empotrada de bid\u00e9 monomando n\u00edquel cepillado serie Munich<\/h1>\n<\/div>\n<\/div>\n<\/div>\n<div class=\"elementor-element elementor-element-76e7b67 elementor-widget elementor-widget-jet-single-price\" data-id=\"76e7b67\" data-element_type=\"widget\" data-widget_type=\"jet-single-price.default\">\n<div class=\"elementor-widget-container\">\n<div class=\"elementor-jet-single-price jet-woo-builder\">\n<p class=\"price\">\n<\/div>\n<\/div>\n<\/div>\n<div class=\"elementor-element elementor-element-472b2c6 elementor-widget elementor-widget-jet-single-meta\" data-id=\"472b2c6\" data-element_type=\"widget\" data-widget_type=\"jet-single-meta.default\">\n<div class=\"elementor-widget-container\">\n<div class=\"elementor-jet-single-meta jet-woo-builder\">\n<div class=\"product_meta\"><span class=\"sku_wrapper\">SKU:\u00a0<span class=\"sku\">RDM001\/NQ<\/span><\/span><\/div>\n<div class=\"product_meta\"><span class=\"posted_in\">Categor\u00eda:\u00a0<a href=\"https:\/\/imexproducts.es\/categoria-producto\/bano\/bide\/\" rel=\"tag\">Bid\u00e9<\/a><\/span><\/div>\n<\/div>\n<\/div>\n<\/div>\n<div class=\"elementor-element elementor-element-42e769b elementor-widget elementor-widget-jet-single-excerpt\" data-id=\"42e769b\" data-element_type=\"widget\" data-widget_type=\"jet-single-excerpt.default\">\n<div class=\"elementor-widget-container\">\n<div class=\"elementor-jet-single-excerpt jet-woo-builder\">\n<div class=\"woocommerce-product-details__short-description\">\n<p>Grifer\u00eda empotrada de bid\u00e9.<\/p>\n<p>Agua fria y caliente.<\/p>\n<p>Mango de 1 posici\u00f3n.<\/p>\n<p>Lat\u00f3n cromado.<\/p>\n<p>Flexo de PVC acabado n\u00edquel cepillado.<\/p>\n<p>Tap\u00f3n especial pre-montaje en lat\u00f3n n\u00edquel cepillado, alta resistencia.<\/p>\n<p>(*) El producto y la imagen pueden diferir en aras de mejoras.<\/p>\n<\/div>\n<\/div>\n<\/div>\n<\/div>\n<h1 class=\"product_title entry-title\"><\/h1>\n<\/div>\n<\/div>\n<\/div>\n<\/div>\n<\/div>\n<\/div>\n","protected":false},"excerpt":{"rendered":"<p>Grifer\u00eda empotrada de bid\u00e9 monomando n\u00edquel cepillado serie Munich SKU:\u00a0RDM001\/NQ Categor\u00eda:\u00a0Bid\u00e9 Grifer\u00eda empotrada de bid\u00e9. Agua fria y caliente. Mango de 1 posici\u00f3n. Lat\u00f3n cromado. Flexo de PVC acabado n\u00edquel cepillado. Tap\u00f3n especial pre-montaje en lat\u00f3n n\u00edquel cepillado, alta resistencia. (*) El producto y la imagen pueden diferir en aras de mejoras.<\/p>\n","protected":false},"featured_media":631,"template":"","meta":[],"product_brand":[135],"product_cat":[17,53],"product_tag":[140,116,142,107,141,108,139],"class_list":{"0":"post-630","1":"product","2":"type-product","3":"status-publish","4":"has-post-thumbnail","6":"product_brand-imex","7":"product_cat-griferia","8":"product_cat-stock-gavila","9":"product_tag-acero","10":"product_tag-bide","11":"product_tag-ducha-higienica","12":"product_tag-grifo","13":"product_tag-higienico","14":"product_tag-monomando","15":"product_tag-niquel-cepillado","16":"product_shipping_class-ligero","18":"first","19":"instock","20":"sale","21":"taxable","22":"shipping-taxable","23":"purchasable","24":"product-type-simple"},"jetpack_sharing_enabled":true,"_links":{"self":[{"href":"https:\/\/gavila.es\/tienda\/index.php\/wp-json\/wp\/v2\/product\/630","targetHints":{"allow":["GET"]}}],"collection":[{"href":"https:\/\/gavila.es\/tienda\/index.php\/wp-json\/wp\/v2\/product"}],"about":[{"href":"https:\/\/gavila.es\/tienda\/index.php\/wp-json\/wp\/v2\/types\/product"}],"wp:featuredmedia":[{"embeddable":true,"href":"https:\/\/gavila.es\/tienda\/index.php\/wp-json\/wp\/v2\/media\/631"}],"wp:attachment":[{"href":"https:\/\/gavila.es\/tienda\/index.php\/wp-json\/wp\/v2\/media?parent=630"}],"wp:term":[{"taxonomy":"product_brand","embeddable":true,"href":"https:\/\/gavila.es\/tienda\/index.php\/wp-json\/wp\/v2\/product_brand?post=630"},{"taxonomy":"product_cat","embeddable":true,"href":"https:\/\/gavila.es\/tienda\/index.php\/wp-json\/wp\/v2\/product_cat?post=630"},{"taxonomy":"product_tag","embeddable":true,"href":"https:\/\/gavila.es\/tienda\/index.php\/wp-json\/wp\/v2\/product_tag?post=630"}],"curies":[{"name":"wp","href":"https:\/\/api.w.org\/{rel}","templated":true}]}}