{"id":623,"date":"2025-06-11T10:28:19","date_gmt":"2025-06-11T10:28:19","guid":{"rendered":"https:\/\/gavila.es\/tienda\/?post_type=product&#038;p=623"},"modified":"2025-06-30T09:59:32","modified_gmt":"2025-06-30T09:59:32","slug":"monomando-de-cocina-extraible-berna-cromo-imex","status":"publish","type":"product","link":"https:\/\/gavila.es\/tienda\/index.php\/producto\/monomando-de-cocina-extraible-berna-cromo-imex\/","title":{"rendered":"Monomando de cocina extra\u00edble Berna cromo (Imex) GCE026"},"content":{"rendered":"<div class=\"elementor-element elementor-element-a692d94 elementor-widget elementor-widget-jet-single-title\" data-id=\"a692d94\" data-element_type=\"widget\" data-widget_type=\"jet-single-title.default\">\n<div class=\"elementor-widget-container\">\n<div class=\"elementor-jet-single-title jet-woo-builder\">\n<h1 class=\"product_title entry-title\">Grifer\u00eda de cocina monomando extra\u00edble cromado serie Berna<\/h1>\n<\/div>\n<\/div>\n<\/div>\n<div class=\"elementor-element elementor-element-76e7b67 elementor-widget elementor-widget-jet-single-price\" data-id=\"76e7b67\" data-element_type=\"widget\" data-widget_type=\"jet-single-price.default\">\n<div class=\"elementor-widget-container\">\n<div class=\"elementor-jet-single-price jet-woo-builder\">\n<p class=\"price\">\n<\/div>\n<\/div>\n<\/div>\n<div class=\"elementor-element elementor-element-472b2c6 elementor-widget elementor-widget-jet-single-meta\" data-id=\"472b2c6\" data-element_type=\"widget\" data-widget_type=\"jet-single-meta.default\">\n<div class=\"elementor-widget-container\">\n<div class=\"elementor-jet-single-meta jet-woo-builder\">\n<div class=\"product_meta\"><span class=\"sku_wrapper\">SKU:\u00a0<span class=\"sku\">GCE026<\/span><\/span><\/div>\n<div class=\"product_meta\"><span class=\"posted_in\">Categor\u00eda:\u00a0<a href=\"https:\/\/imexproducts.es\/categoria-producto\/cocina\/extraible\/\" rel=\"tag\">Extraible <\/a><\/span><\/div>\n<div class=\"product_meta\"><span class=\"tagged_as\">Etiqueta:\u00a0<a href=\"https:\/\/imexproducts.es\/etiqueta-producto\/cromado\/\" rel=\"tag\">Cromado<\/a><\/span><\/div>\n<\/div>\n<\/div>\n<\/div>\n<div class=\"elementor-element elementor-element-42e769b elementor-widget elementor-widget-jet-single-excerpt\" data-id=\"42e769b\" data-element_type=\"widget\" data-widget_type=\"jet-single-excerpt.default\">\n<div class=\"elementor-widget-container\">\n<div class=\"elementor-jet-single-excerpt jet-woo-builder\">\n<div class=\"woocommerce-product-details__short-description\">\n<p>Serie: Berna<br \/>\nReferencia: GCE026<br \/>\nGriferia monomando extra\u00edble.<\/p>\n<p>Difusor doble jet.<\/p>\n<p>Cuerpo de grifer\u00eda lat\u00f3n cromado.<\/p>\n<p>Cartucho cer\u00e1mico \u00d835 mm.<\/p>\n<p>Sistema de ahorro de energ\u00eda, apertura en fr\u00edo.<\/p>\n<p>46cm de altura.<\/p>\n<p>Flexos 50cm.<\/p>\n<p>Certificados de grifer\u00eda:<\/p>\n<div class=\"pwb-brand-shortcode\"><a title=\"Ver marca\" href=\"https:\/\/imexproducts.es\/brand\/5-anos-de-garantia\/\"><img loading=\"lazy\" decoding=\"async\" class=\"attachment-thumbnail size-thumbnail entered lazyloaded\" src=\"https:\/\/imexproducts.es\/wp-content\/uploads\/2020\/01\/certificacion-griferia-5-anos-garantia.jpg\" alt=\"Certificado 5 a\u00f1os de garant\u00eda\" width=\"60\" height=\"60\" data-lazy-src=\"https:\/\/imexproducts.es\/wp-content\/uploads\/2020\/01\/certificacion-griferia-5-anos-garantia.jpg\" data-ll-status=\"loaded\" \/>\u00a0<\/a><a title=\"Ver marca\" href=\"https:\/\/imexproducts.es\/brand\/acs\/\"><img loading=\"lazy\" decoding=\"async\" class=\"attachment-thumbnail size-thumbnail entered lazyloaded\" src=\"https:\/\/imexproducts.es\/wp-content\/uploads\/2020\/01\/cerificacion-griferia-acs.jpg\" alt=\"Certificado grifer\u00eda ACS\" width=\"60\" height=\"60\" data-lazy-src=\"https:\/\/imexproducts.es\/wp-content\/uploads\/2020\/01\/cerificacion-griferia-acs.jpg\" data-ll-status=\"loaded\" \/><\/a><\/div>\n<\/div>\n<\/div>\n<\/div>\n<\/div>\n","protected":false},"excerpt":{"rendered":"<p>Grifer\u00eda de cocina monomando extra\u00edble cromado serie Berna SKU:\u00a0GCE026 Categor\u00eda:\u00a0Extraible Etiqueta:\u00a0Cromado Serie: Berna Referencia: GCE026 Griferia monomando extra\u00edble. Difusor doble jet. Cuerpo de grifer\u00eda lat\u00f3n cromado. Cartucho cer\u00e1mico \u00d835 mm. Sistema de ahorro de energ\u00eda, apertura en fr\u00edo. 46cm de altura. Flexos 50cm. Certificados de grifer\u00eda: \u00a0<\/p>\n","protected":false},"featured_media":624,"template":"","meta":[],"product_brand":[135],"product_cat":[17,53],"product_tag":[136,109,137,107,108],"class_list":{"0":"post-623","1":"product","2":"type-product","3":"status-publish","4":"has-post-thumbnail","6":"product_brand-imex","7":"product_cat-griferia","8":"product_cat-stock-gavila","9":"product_tag-cocina","10":"product_tag-cromo","11":"product_tag-extraible","12":"product_tag-grifo","13":"product_tag-monomando","14":"product_shipping_class-ligero","16":"first","17":"instock","18":"sale","19":"taxable","20":"shipping-taxable","21":"purchasable","22":"product-type-simple"},"jetpack_sharing_enabled":true,"_links":{"self":[{"href":"https:\/\/gavila.es\/tienda\/index.php\/wp-json\/wp\/v2\/product\/623","targetHints":{"allow":["GET"]}}],"collection":[{"href":"https:\/\/gavila.es\/tienda\/index.php\/wp-json\/wp\/v2\/product"}],"about":[{"href":"https:\/\/gavila.es\/tienda\/index.php\/wp-json\/wp\/v2\/types\/product"}],"wp:featuredmedia":[{"embeddable":true,"href":"https:\/\/gavila.es\/tienda\/index.php\/wp-json\/wp\/v2\/media\/624"}],"wp:attachment":[{"href":"https:\/\/gavila.es\/tienda\/index.php\/wp-json\/wp\/v2\/media?parent=623"}],"wp:term":[{"taxonomy":"product_brand","embeddable":true,"href":"https:\/\/gavila.es\/tienda\/index.php\/wp-json\/wp\/v2\/product_brand?post=623"},{"taxonomy":"product_cat","embeddable":true,"href":"https:\/\/gavila.es\/tienda\/index.php\/wp-json\/wp\/v2\/product_cat?post=623"},{"taxonomy":"product_tag","embeddable":true,"href":"https:\/\/gavila.es\/tienda\/index.php\/wp-json\/wp\/v2\/product_tag?post=623"}],"curies":[{"name":"wp","href":"https:\/\/api.w.org\/{rel}","templated":true}]}}