{"id":615,"date":"2025-06-10T07:51:28","date_gmt":"2025-06-10T07:51:28","guid":{"rendered":"https:\/\/gavila.es\/tienda\/?post_type=product&#038;p=615"},"modified":"2025-06-11T15:09:22","modified_gmt":"2025-06-11T15:09:22","slug":"valvula-desague-click-clack-con-llenado-cascada-banera-blanco-mate","status":"publish","type":"product","link":"https:\/\/gavila.es\/tienda\/index.php\/producto\/valvula-desague-click-clack-con-llenado-cascada-banera-blanco-mate\/","title":{"rendered":"V\u00e1lvula Desag\u00fce Click Clack con llenado cascada por rebosadero ba\u00f1era blanco mate"},"content":{"rendered":"<h1 class=\"product-main-title\">V\u00e1lvula de desag\u00fce redondo Click-clack y de llenado con rebosadero para ba\u00f1era<\/h1>\n<p class=\"product-main-title\">Tap\u00f3n: \u00d8 70 mm.<\/p>\n<p class=\"product-main-title\">Tubo flexible: m\u00e1x. \u00b7 980 mm.<\/p>\n<p class=\"product-main-title\">Acabado Blanco Mate<\/p>\n","protected":false},"excerpt":{"rendered":"<p>V\u00e1lvula de desag\u00fce redondo Click-clack y de llenado con rebosadero para ba\u00f1era Tap\u00f3n: \u00d8 70 mm. Tubo flexible: m\u00e1x. \u00b7 980 mm. Acabado Blanco Mate<\/p>\n","protected":false},"featured_media":620,"template":"","meta":[],"product_brand":[88],"product_cat":[17,53],"product_tag":[148,144,145,146,147],"class_list":{"0":"post-615","1":"product","2":"type-product","3":"status-publish","4":"has-post-thumbnail","6":"product_brand-tres-griferia","7":"product_cat-griferia","8":"product_cat-stock-gavila","9":"product_tag-banera","10":"product_tag-blanco-mate","11":"product_tag-cascada","12":"product_tag-rebosadero","13":"product_tag-valvula","14":"product_shipping_class-ligero","16":"first","17":"instock","18":"taxable","19":"shipping-taxable","20":"product-type-simple"},"jetpack_sharing_enabled":true,"_links":{"self":[{"href":"https:\/\/gavila.es\/tienda\/index.php\/wp-json\/wp\/v2\/product\/615","targetHints":{"allow":["GET"]}}],"collection":[{"href":"https:\/\/gavila.es\/tienda\/index.php\/wp-json\/wp\/v2\/product"}],"about":[{"href":"https:\/\/gavila.es\/tienda\/index.php\/wp-json\/wp\/v2\/types\/product"}],"wp:featuredmedia":[{"embeddable":true,"href":"https:\/\/gavila.es\/tienda\/index.php\/wp-json\/wp\/v2\/media\/620"}],"wp:attachment":[{"href":"https:\/\/gavila.es\/tienda\/index.php\/wp-json\/wp\/v2\/media?parent=615"}],"wp:term":[{"taxonomy":"product_brand","embeddable":true,"href":"https:\/\/gavila.es\/tienda\/index.php\/wp-json\/wp\/v2\/product_brand?post=615"},{"taxonomy":"product_cat","embeddable":true,"href":"https:\/\/gavila.es\/tienda\/index.php\/wp-json\/wp\/v2\/product_cat?post=615"},{"taxonomy":"product_tag","embeddable":true,"href":"https:\/\/gavila.es\/tienda\/index.php\/wp-json\/wp\/v2\/product_tag?post=615"}],"curies":[{"name":"wp","href":"https:\/\/api.w.org\/{rel}","templated":true}]}}