{"id":491,"date":"2025-04-02T15:18:36","date_gmt":"2025-04-02T15:18:36","guid":{"rendered":"https:\/\/gavila.es\/tienda\/?post_type=product&#038;p=491"},"modified":"2025-04-02T15:37:30","modified_gmt":"2025-04-02T15:37:30","slug":"floral-aster","status":"publish","type":"product","link":"https:\/\/gavila.es\/tienda\/index.php\/producto\/floral-aster\/","title":{"rendered":"Floral Aster Porcel\u00e1nico 15&#215;15 (Ribesalbes)"},"content":{"rendered":"<p>Este azulejo de porcel\u00e1nico de primera calidad es duradero, f\u00e1cil de mantener y perfecto para uso residencial o comercial.<\/p>\n<p>Caracter\u00edsticas clave:<\/p>\n<ul>\n<li><strong>Formato:<\/strong> 15&#215;15 cm<\/li>\n<li><strong>Material:<\/strong> Porcel\u00e1nico<\/li>\n<li><strong>Acabado:<\/strong> Decorado Floral<\/li>\n<li><strong>Calidad:<\/strong> Primera clase, duradero y f\u00e1cil de mantener<\/li>\n<\/ul>\n<p>Ideal para crear espacios de vida diferentes en un frente de cocina, una ducha, un trozo de pared exento&#8230;.<\/p>\n<p>M\u00e1s info del producto en el siguiente <a href=\"https:\/\/www.ceramicaribesalbes.com\/productos\/floral\/\">link<\/a>.<\/p>\n<p>Para pedido se servir\u00e1n las tres cajas completas: total 3m2<\/p>\n<p>Consultar con tienda para env\u00edos.<\/p>\n","protected":false},"excerpt":{"rendered":"<p>Ofert\u00f3n en stock propio!<\/p>\n","protected":false},"featured_media":494,"template":"","meta":[],"product_brand":[126],"product_cat":[25,39,53],"product_tag":[127,70,41,46,130,129,128,59,42],"class_list":{"0":"post-491","1":"product","2":"type-product","3":"status-publish","4":"has-post-thumbnail","6":"product_brand-ribesalbes","7":"product_cat-outlet","8":"product_cat-porcelanico","9":"product_cat-stock-gavila","10":"product_tag-15x15","11":"product_tag-arena","12":"product_tag-azulejos","13":"product_tag-baldosas","14":"product_tag-colores-tierra","15":"product_tag-decorado","16":"product_tag-formato-pequeno","17":"product_tag-mate","18":"product_tag-porcelanico","19":"product_shipping_class-pesado","21":"first","22":"instock","23":"sale","24":"taxable","25":"shipping-taxable","26":"purchasable","27":"product-type-simple"},"jetpack_sharing_enabled":true,"_links":{"self":[{"href":"https:\/\/gavila.es\/tienda\/index.php\/wp-json\/wp\/v2\/product\/491","targetHints":{"allow":["GET"]}}],"collection":[{"href":"https:\/\/gavila.es\/tienda\/index.php\/wp-json\/wp\/v2\/product"}],"about":[{"href":"https:\/\/gavila.es\/tienda\/index.php\/wp-json\/wp\/v2\/types\/product"}],"wp:featuredmedia":[{"embeddable":true,"href":"https:\/\/gavila.es\/tienda\/index.php\/wp-json\/wp\/v2\/media\/494"}],"wp:attachment":[{"href":"https:\/\/gavila.es\/tienda\/index.php\/wp-json\/wp\/v2\/media?parent=491"}],"wp:term":[{"taxonomy":"product_brand","embeddable":true,"href":"https:\/\/gavila.es\/tienda\/index.php\/wp-json\/wp\/v2\/product_brand?post=491"},{"taxonomy":"product_cat","embeddable":true,"href":"https:\/\/gavila.es\/tienda\/index.php\/wp-json\/wp\/v2\/product_cat?post=491"},{"taxonomy":"product_tag","embeddable":true,"href":"https:\/\/gavila.es\/tienda\/index.php\/wp-json\/wp\/v2\/product_tag?post=491"}],"curies":[{"name":"wp","href":"https:\/\/api.w.org\/{rel}","templated":true}]}}