{"id":453,"date":"2025-03-14T10:19:37","date_gmt":"2025-03-14T10:19:37","guid":{"rendered":"https:\/\/gavila.es\/tienda\/?post_type=product&#038;p=453"},"modified":"2025-03-20T17:02:40","modified_gmt":"2025-03-20T17:02:40","slug":"fregadero-cocina-blanco-zie-poalgi","status":"publish","type":"product","link":"https:\/\/gavila.es\/tienda\/index.php\/producto\/fregadero-cocina-blanco-zie-poalgi\/","title":{"rendered":"Fregadero blanco Zie (Poalgi)"},"content":{"rendered":"<p>El m\u00e1s buscado por nuestros arquitectos e interioristas, por su dise\u00f1o, prestaciones, versatilidad.<\/p>\n<p><a href=\"https:\/\/poalgi.es\/coleccion-fregaderos-hekla-zie\/\" target=\"_blank\" rel=\"noopener\">Zie<\/a>\u00a0es la colecci\u00f3n de fregaderos Poalgi que se adapta a las cocinas del siglo XXI. Una colecci\u00f3n que busca sofisticaci\u00f3n y modernidad gracias a su\u00a0<strong>dise\u00f1o minimalista<\/strong>, de l\u00edneas cuadradas y depuradas.<\/p>\n<p>Fabricado en nuestro material en masa\u00a0<a href=\"https:\/\/poalgi.es\/hekla\/\" target=\"_blank\" rel=\"noopener\">Hekla\u00ae<\/a>, este fregadero de granito\u00a0<strong>resiste a todos los factores externos<\/strong>.<\/p>\n<p>Dise\u00f1ado para mimetizarse con la encimera gracias a su forma, puedes optar por su colocaci\u00f3n\u00a0<a href=\"https:\/\/vimeo.com\/871473604\"><strong>bajo o sobre encimera<\/strong><\/a>, as\u00ed como elegir entre cuatro arm\u00f3nicos<strong>\u00a0colores mate<\/strong>\u00a0inspirados en los ecosistemas volc\u00e1nicos de Islandia.<\/p>\n<p>En oferta el color snow white, blanco puro, limpio, sencillo y elegante.<\/p>\n","protected":false},"excerpt":{"rendered":"<p>Oferta de un fregadero excepcional!<\/p>\n","protected":false},"featured_media":454,"template":"","meta":[],"product_brand":[100],"product_cat":[99],"product_tag":[20,102,101,59,71],"class_list":{"0":"post-453","1":"product","2":"type-product","3":"status-publish","4":"has-post-thumbnail","6":"product_brand-poalgi","7":"product_cat-fregadero","8":"product_tag-blanco","9":"product_tag-fregadero","10":"product_tag-hekla","11":"product_tag-mate","12":"product_tag-poalgi","13":"product_shipping_class-medio","15":"first","16":"instock","17":"sale","18":"taxable","19":"shipping-taxable","20":"purchasable","21":"product-type-simple"},"jetpack_sharing_enabled":true,"_links":{"self":[{"href":"https:\/\/gavila.es\/tienda\/index.php\/wp-json\/wp\/v2\/product\/453","targetHints":{"allow":["GET"]}}],"collection":[{"href":"https:\/\/gavila.es\/tienda\/index.php\/wp-json\/wp\/v2\/product"}],"about":[{"href":"https:\/\/gavila.es\/tienda\/index.php\/wp-json\/wp\/v2\/types\/product"}],"wp:featuredmedia":[{"embeddable":true,"href":"https:\/\/gavila.es\/tienda\/index.php\/wp-json\/wp\/v2\/media\/454"}],"wp:attachment":[{"href":"https:\/\/gavila.es\/tienda\/index.php\/wp-json\/wp\/v2\/media?parent=453"}],"wp:term":[{"taxonomy":"product_brand","embeddable":true,"href":"https:\/\/gavila.es\/tienda\/index.php\/wp-json\/wp\/v2\/product_brand?post=453"},{"taxonomy":"product_cat","embeddable":true,"href":"https:\/\/gavila.es\/tienda\/index.php\/wp-json\/wp\/v2\/product_cat?post=453"},{"taxonomy":"product_tag","embeddable":true,"href":"https:\/\/gavila.es\/tienda\/index.php\/wp-json\/wp\/v2\/product_tag?post=453"}],"curies":[{"name":"wp","href":"https:\/\/api.w.org\/{rel}","templated":true}]}}