{"id":427,"date":"2025-02-12T09:31:36","date_gmt":"2025-02-12T09:31:36","guid":{"rendered":"https:\/\/gavila.es\/tienda\/?post_type=product&#038;p=427"},"modified":"2025-09-24T08:55:23","modified_gmt":"2025-09-24T08:55:23","slug":"alamo-natural-19-5x120-porcelanico","status":"publish","type":"product","link":"https:\/\/gavila.es\/tienda\/index.php\/producto\/alamo-natural-19-5x120-porcelanico\/","title":{"rendered":"\u00c1lamo Natural 19.5&#215;120 Porcel\u00e1nico"},"content":{"rendered":"<p>Pavimento porcel\u00e1nico(descatalogado) <strong>\u00c1lamo Natural 19.5&#215;120<\/strong><\/p>\n<p>Resistente y de f\u00e1cil mantenimiento, ideal tanto para un espacio peque\u00f1o o balc\u00f3n.<\/p>\n<p><strong data-start=\"1144\" data-end=\"1170\">Precio mostrado por m\u00b2<\/strong> | Pedido m\u00ednimo: 1.53m2 que se servir\u00e1n al completo.<\/p>\n<p><strong>Disponible en stock<\/strong> para entrega inmediata en 48 horas en zona de Valencia.<\/p>\n","protected":false},"excerpt":{"rendered":"<p>Stock propio, producto descatalogado!<\/p>\n","protected":false},"featured_media":428,"template":"","meta":[],"product_brand":[],"product_cat":[25,39,53],"product_tag":[22,41,46,43,51,50,42,45,44],"class_list":{"0":"post-427","1":"product","2":"type-product","3":"status-publish","4":"has-post-thumbnail","6":"product_cat-outlet","7":"product_cat-porcelanico","8":"product_cat-stock-gavila","9":"product_tag-alta-calidad","10":"product_tag-azulejos","11":"product_tag-baldosas","12":"product_tag-paredes","13":"product_tag-parque","14":"product_tag-parque-ceramico","15":"product_tag-porcelanico","16":"product_tag-rectificado","17":"product_tag-suelos","19":"first","20":"instock","21":"sale","22":"taxable","23":"shipping-taxable","24":"purchasable","25":"product-type-simple"},"jetpack_sharing_enabled":true,"_links":{"self":[{"href":"https:\/\/gavila.es\/tienda\/index.php\/wp-json\/wp\/v2\/product\/427","targetHints":{"allow":["GET"]}}],"collection":[{"href":"https:\/\/gavila.es\/tienda\/index.php\/wp-json\/wp\/v2\/product"}],"about":[{"href":"https:\/\/gavila.es\/tienda\/index.php\/wp-json\/wp\/v2\/types\/product"}],"wp:featuredmedia":[{"embeddable":true,"href":"https:\/\/gavila.es\/tienda\/index.php\/wp-json\/wp\/v2\/media\/428"}],"wp:attachment":[{"href":"https:\/\/gavila.es\/tienda\/index.php\/wp-json\/wp\/v2\/media?parent=427"}],"wp:term":[{"taxonomy":"product_brand","embeddable":true,"href":"https:\/\/gavila.es\/tienda\/index.php\/wp-json\/wp\/v2\/product_brand?post=427"},{"taxonomy":"product_cat","embeddable":true,"href":"https:\/\/gavila.es\/tienda\/index.php\/wp-json\/wp\/v2\/product_cat?post=427"},{"taxonomy":"product_tag","embeddable":true,"href":"https:\/\/gavila.es\/tienda\/index.php\/wp-json\/wp\/v2\/product_tag?post=427"}],"curies":[{"name":"wp","href":"https:\/\/api.w.org\/{rel}","templated":true}]}}