{"id":30,"date":"2023-12-01T12:49:21","date_gmt":"2023-12-01T12:49:21","guid":{"rendered":"https:\/\/gavila.es\/tienda\/?post_type=product&#038;p=30"},"modified":"2024-10-01T07:37:08","modified_gmt":"2024-10-01T07:37:08","slug":"aplique-luz-metalico","status":"publish","type":"product","link":"https:\/\/gavila.es\/tienda\/index.php\/producto\/aplique-luz-metalico\/","title":{"rendered":"Aplique de luz en cobre\/oro rosa"},"content":{"rendered":"<p>Oferta de exposici\u00f3n<\/p>\n<p>Aplique de luz met\u00e1lico para ba\u00f1o, potencia 5w 4000\u00bak, modelo Ceiling Metallic de Kyrya, color cobre. Incluye bombilla y cable negro de 1 metro.<\/p>\n<p>PVP valorado en 168 \u20ac.<\/p>\n","protected":false},"excerpt":{"rendered":"<p>Oferta de exposici\u00f3n Aplique de luz met\u00e1lico para ba\u00f1o, potencia 5w 4000\u00bak, modelo Ceiling Metallic de Kyrya, color cobre. Incluye bombilla y cable negro de 1 metro. PVP valorado en 168 \u20ac.<\/p>\n","protected":false},"featured_media":32,"template":"","meta":[],"product_brand":[],"product_cat":[29,25],"product_tag":[],"class_list":{"0":"post-30","1":"product","2":"type-product","3":"status-publish","4":"has-post-thumbnail","6":"product_cat-accesorios","7":"product_cat-outlet","9":"first","10":"instock","11":"sale","12":"taxable","13":"shipping-taxable","14":"purchasable","15":"product-type-simple"},"jetpack_sharing_enabled":true,"_links":{"self":[{"href":"https:\/\/gavila.es\/tienda\/index.php\/wp-json\/wp\/v2\/product\/30","targetHints":{"allow":["GET"]}}],"collection":[{"href":"https:\/\/gavila.es\/tienda\/index.php\/wp-json\/wp\/v2\/product"}],"about":[{"href":"https:\/\/gavila.es\/tienda\/index.php\/wp-json\/wp\/v2\/types\/product"}],"wp:featuredmedia":[{"embeddable":true,"href":"https:\/\/gavila.es\/tienda\/index.php\/wp-json\/wp\/v2\/media\/32"}],"wp:attachment":[{"href":"https:\/\/gavila.es\/tienda\/index.php\/wp-json\/wp\/v2\/media?parent=30"}],"wp:term":[{"taxonomy":"product_brand","embeddable":true,"href":"https:\/\/gavila.es\/tienda\/index.php\/wp-json\/wp\/v2\/product_brand?post=30"},{"taxonomy":"product_cat","embeddable":true,"href":"https:\/\/gavila.es\/tienda\/index.php\/wp-json\/wp\/v2\/product_cat?post=30"},{"taxonomy":"product_tag","embeddable":true,"href":"https:\/\/gavila.es\/tienda\/index.php\/wp-json\/wp\/v2\/product_tag?post=30"}],"curies":[{"name":"wp","href":"https:\/\/api.w.org\/{rel}","templated":true}]}}