{"id":280,"date":"2024-10-31T10:51:46","date_gmt":"2024-10-31T10:51:46","guid":{"rendered":"https:\/\/gavila.es\/tienda\/?post_type=product&#038;p=280"},"modified":"2025-04-07T08:17:16","modified_gmt":"2025-04-07T08:17:16","slug":"grifo-monomando-fuji-cromo","status":"publish","type":"product","link":"https:\/\/gavila.es\/tienda\/index.php\/producto\/grifo-monomando-fuji-cromo\/","title":{"rendered":"Grifo monomando FUJI"},"content":{"rendered":"<div class=\"flex-shrink-0 flex flex-col relative items-end\">\n<div>\n<div class=\"pt-0\">\n<div class=\"gizmo-bot-avatar flex h-8 w-8 items-center justify-center overflow-hidden rounded-full\"><\/div>\n<\/div>\n<\/div>\n<\/div>\n<div class=\"group\/conversation-turn relative flex w-full min-w-0 flex-col agent-turn\">\n<div class=\"flex-col gap-1 md:gap-3\">\n<div class=\"flex max-w-full flex-col flex-grow\">\n<div class=\"min-h-8 text-message flex w-full flex-col items-end gap-2 whitespace-normal break-words [.text-message+&amp;]:mt-5\" dir=\"auto\" data-message-author-role=\"assistant\" data-message-id=\"100138aa-f77e-48ae-a262-d87769dd6400\" data-message-model-slug=\"gpt-4o-mini\">\n<div class=\"flex w-full flex-col gap-1 empty:hidden first:pt-[3px]\">\n<div class=\"markdown prose w-full break-words dark:prose-invert light\">\n<p>&nbsp;<\/p>\n<h3>Grifo monomando FUJI de Tres combina un dise\u00f1o moderno y elegante con alta funcionalidad y eficiencia. Fabricado en lat\u00f3n de baja aleaci\u00f3n de plomo y con un acabado en cromo, este grifo ofrece una excelente durabilidad y resistencia. Equipado con un aireador oculto de silicona y un cartucho de larga duraci\u00f3n que soporta m\u00e1s de 200,000 ciclos, proporciona un caudal eficiente de 5.7 litros por minuto para un uso \u00f3ptimo en tu ba\u00f1o.<\/h3>\n<p><strong>Caracter\u00edsticas principales:<\/strong><\/p>\n<ul>\n<li><strong>Dise\u00f1o inclinado y moderno:<\/strong> El dise\u00f1o inclinado del grifo FUJI le da un toque de distinci\u00f3n y facilita el acceso al agua.<\/li>\n<li><strong>Latiguillos de alimentaci\u00f3n flexibles G3\/8<\/strong>: Incluye latiguillos de alimentaci\u00f3n de alta calidad con conexi\u00f3n est\u00e1ndar G3\/8, f\u00e1ciles de instalar.<\/li>\n<li><strong>Acabado en cromo<\/strong>: Con un acabado cromado brillante, el grifo FUJI es resistente a la corrosi\u00f3n y f\u00e1cil de mantener.<\/li>\n<li><strong>Aireador oculto de silicona M18.5&#215;1<\/strong>: El aireador de silicona oculta ayuda a reducir el consumo de agua sin perder presi\u00f3n.<\/li>\n<li><strong>Cartucho de larga duraci\u00f3n<\/strong>: Este grifo est\u00e1 equipado con un cartucho que soporta m\u00e1s de <strong>200,000 ciclos<\/strong>, asegurando un funcionamiento suave y de larga vida \u00fatil.<\/li>\n<li><strong>Caudal optimizado<\/strong>: Con un caudal de <strong>5.7 l\/min<\/strong>, el grifo ofrece un flujo de agua adecuado y eficiente para un uso diario sin desperdiciar recursos.<\/li>\n<li><strong>Material de alta calidad<\/strong>: Fabricado en <strong>lat\u00f3n bajo contenido en plomo.<\/strong><\/li>\n<\/ul>\n<p><strong>Especificaciones:<\/strong><\/p>\n<ul>\n<li><strong>Referencia<\/strong>: 28190301<\/li>\n<\/ul>\n<p><strong>Compra ahora<\/strong> y lleva la innovaci\u00f3n y el dise\u00f1o a tu ba\u00f1o con el <strong>grifo FUJI de Tres<\/strong>.<\/p>\n<\/div>\n<\/div>\n<\/div>\n<\/div>\n<\/div>\n<\/div>\n","protected":false},"excerpt":{"rendered":"<p>Grifo monomando inclinado para lavabo modelo FUJI de Tres.<\/p>\n","protected":false},"featured_media":281,"template":"","meta":[],"product_brand":[88],"product_cat":[17,25,53],"product_tag":[109,64,110,111,107,108],"class_list":{"0":"post-280","1":"product","2":"type-product","3":"status-publish","4":"has-post-thumbnail","6":"product_brand-tres-griferia","7":"product_cat-griferia","8":"product_cat-outlet","9":"product_cat-stock-gavila","10":"product_tag-cromo","11":"product_tag-diseno","12":"product_tag-eco","13":"product_tag-fuji","14":"product_tag-grifo","15":"product_tag-monomando","16":"product_shipping_class-ligero","18":"first","19":"instock","20":"sale","21":"taxable","22":"shipping-taxable","23":"purchasable","24":"product-type-simple"},"jetpack_sharing_enabled":true,"_links":{"self":[{"href":"https:\/\/gavila.es\/tienda\/index.php\/wp-json\/wp\/v2\/product\/280","targetHints":{"allow":["GET"]}}],"collection":[{"href":"https:\/\/gavila.es\/tienda\/index.php\/wp-json\/wp\/v2\/product"}],"about":[{"href":"https:\/\/gavila.es\/tienda\/index.php\/wp-json\/wp\/v2\/types\/product"}],"wp:featuredmedia":[{"embeddable":true,"href":"https:\/\/gavila.es\/tienda\/index.php\/wp-json\/wp\/v2\/media\/281"}],"wp:attachment":[{"href":"https:\/\/gavila.es\/tienda\/index.php\/wp-json\/wp\/v2\/media?parent=280"}],"wp:term":[{"taxonomy":"product_brand","embeddable":true,"href":"https:\/\/gavila.es\/tienda\/index.php\/wp-json\/wp\/v2\/product_brand?post=280"},{"taxonomy":"product_cat","embeddable":true,"href":"https:\/\/gavila.es\/tienda\/index.php\/wp-json\/wp\/v2\/product_cat?post=280"},{"taxonomy":"product_tag","embeddable":true,"href":"https:\/\/gavila.es\/tienda\/index.php\/wp-json\/wp\/v2\/product_tag?post=280"}],"curies":[{"name":"wp","href":"https:\/\/api.w.org\/{rel}","templated":true}]}}