{"id":131,"date":"2024-09-02T09:30:20","date_gmt":"2024-09-02T09:30:20","guid":{"rendered":"https:\/\/gavila.es\/tienda\/?post_type=product&#038;p=131"},"modified":"2026-02-28T17:23:30","modified_gmt":"2026-02-28T17:23:30","slug":"bohars-20x120-porcelanico-rectificado-tau","status":"publish","type":"product","link":"https:\/\/gavila.es\/tienda\/index.php\/producto\/bohars-20x120-porcelanico-rectificado-tau\/","title":{"rendered":"Bohars Camel\/Sand 20&#215;120 Porcel\u00e1nico Rectificado (Tau)"},"content":{"rendered":"<p>La colecci\u00f3n Bohars de <a href=\"https:\/\/www.tauceramica.com\/series\/bohars\/\">Tau cer\u00e1mica<\/a> es una serie de parqu\u00e9 cer\u00e1mico efecto madera que se distingue por su destonificaci\u00f3n, los nudos de su gr\u00e1fica y sus vetas que le proporcionan un car\u00e1cter distinguido. Tiene hasta 33 gr\u00e1ficas distintas por lo que su realismo es envidiable.<\/p>\n<p>Tenemos disponible en stock propio el formato de 20&#215;120 en los colores Sand y Camel.<\/p>\n<p>Es una versi\u00f3n de cer\u00e1mica porcel\u00e1nica rectificada que ofrece una textura \u00fanica, ideal para cualquier estancia del hogar o locales comerciales. Perfecta para crear ambientes contempor\u00e1neos en interior y exterior.<\/p>\n<p>El precio mostrado es de m2, para pedido se servir\u00e1 por caja completa 1.68m2\/caja.<\/p>\n<p>Consultar con tienda para env\u00edos.<\/p>\n","protected":false},"excerpt":{"rendered":"<p>Ofert\u00f3n en stock propio! Todo fuera!<\/p>\n<p>Precio v\u00e1lido hasta agotar existencias<\/p>\n","protected":false},"featured_media":132,"template":"","meta":[],"product_brand":[84],"product_cat":[39,53],"product_tag":[41,46,49,43,51,50,52,42,45,44,40],"class_list":{"0":"post-131","1":"product","2":"type-product","3":"status-publish","4":"has-post-thumbnail","6":"product_brand-tau-ceramica","7":"product_cat-porcelanico","8":"product_cat-stock-gavila","9":"product_tag-azulejos","10":"product_tag-baldosas","11":"product_tag-madera","12":"product_tag-paredes","13":"product_tag-parque","14":"product_tag-parque-ceramico","15":"product_tag-parquet","16":"product_tag-porcelanico","17":"product_tag-rectificado","18":"product_tag-suelos","19":"product_tag-tau","21":"first","22":"instock","23":"sale","24":"taxable","25":"shipping-taxable","26":"purchasable","27":"product-type-variable"},"jetpack_sharing_enabled":true,"_links":{"self":[{"href":"https:\/\/gavila.es\/tienda\/index.php\/wp-json\/wp\/v2\/product\/131","targetHints":{"allow":["GET"]}}],"collection":[{"href":"https:\/\/gavila.es\/tienda\/index.php\/wp-json\/wp\/v2\/product"}],"about":[{"href":"https:\/\/gavila.es\/tienda\/index.php\/wp-json\/wp\/v2\/types\/product"}],"wp:featuredmedia":[{"embeddable":true,"href":"https:\/\/gavila.es\/tienda\/index.php\/wp-json\/wp\/v2\/media\/132"}],"wp:attachment":[{"href":"https:\/\/gavila.es\/tienda\/index.php\/wp-json\/wp\/v2\/media?parent=131"}],"wp:term":[{"taxonomy":"product_brand","embeddable":true,"href":"https:\/\/gavila.es\/tienda\/index.php\/wp-json\/wp\/v2\/product_brand?post=131"},{"taxonomy":"product_cat","embeddable":true,"href":"https:\/\/gavila.es\/tienda\/index.php\/wp-json\/wp\/v2\/product_cat?post=131"},{"taxonomy":"product_tag","embeddable":true,"href":"https:\/\/gavila.es\/tienda\/index.php\/wp-json\/wp\/v2\/product_tag?post=131"}],"curies":[{"name":"wp","href":"https:\/\/api.w.org\/{rel}","templated":true}]}}