{"id":15460,"date":"2016-11-22T23:00:41","date_gmt":"2016-11-22T22:00:41","guid":{"rendered":"https:\/\/www.gavila.es\/ind\/?page_id=15460"},"modified":"2024-09-03T11:59:20","modified_gmt":"2024-09-03T10:59:20","slug":"contacto","status":"publish","type":"page","link":"https:\/\/gavila.es\/ind\/contacto\/","title":{"rendered":"Contacto"},"content":{"rendered":"<div class=\"wpb-content-wrapper\"><p>[vc_row css_animation=\u00bb\u00bb row_type=\u00bbrow\u00bb use_row_as_full_screen_section=\u00bbno\u00bb type=\u00bbfull_width\u00bb angled_section=\u00bbno\u00bb text_align=\u00bbleft\u00bb background_image_as_pattern=\u00bbwithout_pattern\u00bb][vc_column][vc_column_text]<\/p>\n<p>&nbsp;<\/p>\n<p>&nbsp;<\/p>\n<p>&nbsp;<\/p>\n<p>&nbsp;<\/p>\n<p style=\"text-align: center;\">Si necesitas presupuesto de material para tu reforma, env\u00edanos un <strong><span style=\"color: #000080;\"><a style=\"color: #000080;\" href=\"mailto: shop@gavila.es\">email<\/a><\/span><\/strong> con tu solicitud.<\/p>\n<p style=\"text-align: center;\">Por supuesto cuanto m\u00e1s detallada la info que nos env\u00edes mejor, puedes adjuntar fotos, planos, dibujos, indicar previsi\u00f3n de comienzo de obra&#8230;<\/p>\n<p style=\"text-align: center;\">Tambi\u00e9n puedes llamarnos ya mismo al\u00a0\u00a0<span style=\"color: #333399;\"><strong><a style=\"color: #333399;\" href=\"tel:\/\/+34963392322\">96 339 23 22<\/a><\/strong><\/span> y hablar con nuestro encantador equipo de tu pr\u00f3ximo proyecto, ya seas cliente particular o profesional. Y si lo prefieres tambi\u00e9n puedes contactar por <a href=\"https:\/\/wa.me\/message\/V3WKNZTAKDZAA1\">Whatsapp<\/a>.<\/p>\n<p>&nbsp;<\/p>\n<p>&nbsp;<\/p>\n<p>&nbsp;<\/p>\n<p>&nbsp;<\/p>\n<p>&nbsp;<\/p>\n<p>[\/vc_column_text][vc_separator type=\u00bbnormal\u00bb][\/vc_column][\/vc_row]<\/p>\n<\/div>","protected":false},"excerpt":{"rendered":"<p>[vc_row css_animation=\u00bb\u00bb row_type=\u00bbrow\u00bb use_row_as_full_screen_section=\u00bbno\u00bb type=\u00bbfull_width\u00bb angled_section=\u00bbno\u00bb text_align=\u00bbleft\u00bb background_image_as_pattern=\u00bbwithout_pattern\u00bb][vc_column][vc_column_text] &nbsp; &nbsp; &nbsp; &nbsp; Si necesitas presupuesto&#8230;<\/p>\n","protected":false},"author":1,"featured_media":0,"parent":0,"menu_order":0,"comment_status":"closed","ping_status":"closed","template":"","meta":{"content-type":"","footnotes":""},"class_list":["post-15460","page","type-page","status-publish","hentry"],"_links":{"self":[{"href":"https:\/\/gavila.es\/ind\/wp-json\/wp\/v2\/pages\/15460","targetHints":{"allow":["GET"]}}],"collection":[{"href":"https:\/\/gavila.es\/ind\/wp-json\/wp\/v2\/pages"}],"about":[{"href":"https:\/\/gavila.es\/ind\/wp-json\/wp\/v2\/types\/page"}],"author":[{"embeddable":true,"href":"https:\/\/gavila.es\/ind\/wp-json\/wp\/v2\/users\/1"}],"replies":[{"embeddable":true,"href":"https:\/\/gavila.es\/ind\/wp-json\/wp\/v2\/comments?post=15460"}],"version-history":[{"count":13,"href":"https:\/\/gavila.es\/ind\/wp-json\/wp\/v2\/pages\/15460\/revisions"}],"predecessor-version":[{"id":16413,"href":"https:\/\/gavila.es\/ind\/wp-json\/wp\/v2\/pages\/15460\/revisions\/16413"}],"wp:attachment":[{"href":"https:\/\/gavila.es\/ind\/wp-json\/wp\/v2\/media?parent=15460"}],"curies":[{"name":"wp","href":"https:\/\/api.w.org\/{rel}","templated":true}]}}