{"id":15301,"date":"2015-05-22T09:09:16","date_gmt":"2015-05-22T08:09:16","guid":{"rendered":"http:\/\/demo.qodeinteractive.com\/bridge110\/?page_id=15301"},"modified":"2019-01-30T00:44:46","modified_gmt":"2019-01-29T23:44:46","slug":"empresa","status":"publish","type":"page","link":"https:\/\/gavila.es\/ind\/empresa\/","title":{"rendered":"Empresa"},"content":{"rendered":"<div class=\"wpb-content-wrapper\"><p>[vc_row row_type=\u00bbrow\u00bb use_row_as_full_screen_section=\u00bbno\u00bb type=\u00bbfull_width\u00bb angled_section=\u00bbno\u00bb text_align=\u00bbleft\u00bb background_image_as_pattern=\u00bbwithout_pattern\u00bb css_animation=\u00bb\u00bb][vc_column][vc_single_image image=\u00bb15425&#8243; img_size=\u00bbfull\u00bb alignment=\u00bbcenter\u00bb qode_css_animation=\u00bb\u00bb][\/vc_column][\/vc_row][vc_row row_type=\u00bbrow\u00bb use_row_as_full_screen_section=\u00bbno\u00bb type=\u00bbgrid\u00bb angled_section=\u00bbno\u00bb text_align=\u00bbleft\u00bb background_image_as_pattern=\u00bbwithout_pattern\u00bb background_color=\u00bb#ffffff\u00bb padding_top=\u00bb50&#8243; padding_bottom=\u00bb49&#8243; css_animation=\u00bb\u00bb][vc_column][vc_column_text]<\/p>\n<h4><strong>Gavil\u00e1 Valencia te trae los materiales de m\u00e1s alta calidad para tu hogar.<\/strong><\/h4>\n<p>[\/vc_column_text][vc_separator type=\u00bbtransparent\u00bb up=\u00bb22&#8243; down=\u00bb0&#8243;][vc_column_text]<\/p>\n<p style=\"text-align: center;\">En <strong>Gavil\u00e1 Valencia<\/strong> nos especializamos en la venta de azulejos cer\u00e1micos y saneamientos para tu ba\u00f1o y tu hogar <strong>desde 1977<\/strong>. Nuestra empresa naci\u00f3 hace m\u00e1s de 40 a\u00f1os en Albalat dels Sorells (Valencia), y llevamos <strong>desde 2005<\/strong> en la misma ciudad de Valencia para estar m\u00e1s cerca de ti. Nuestra exposici\u00f3n cuenta con <strong>m\u00e1s de 1.400 metros cuadrados<\/strong>\u00a0y est\u00e1 dividida en varios ambientes para facilitarte el proceso de selecci\u00f3n de materiales: azulejos cer\u00e1micos, sanitarios, grifer\u00eda, cabinas de hidromasaje, mamparas, accesorios de ba\u00f1o, productos de limpieza especializados\u2026<\/p>\n<p style=\"text-align: center;\">Nuestro equipo est\u00e1 especializado y formado en todos los productos necesarios para ayudarte a dise\u00f1ar tus espacios personalizados. Te asesoraremos acerca de las \u00faltimas tendencias en colores, texturas y acabados, adem\u00e1s de recomendarte los mejores materiales que se ajusten a tu presupuesto. Tambi\u00e9n comercializamos marcas de alta calidad para <strong>garantizar<\/strong> que nuestros <strong>clientes<\/strong> queden <strong>satisfechos<\/strong>.<\/p>\n<p style=\"text-align: center;\">Nuestro objetivo es proporcionarte <strong>atenci\u00f3n personalizada y r\u00e1pida<\/strong>, nuestro equipo pondr\u00e1 sus conocimientos y experiencia a tu entera disposici\u00f3n.<\/p>\n<p style=\"text-align: center;\"><strong>Transforma tu espacio, crea tu hogar.<\/strong><\/p>\n<p>[\/vc_column_text][vc_separator type=\u00bbtransparent\u00bb up=\u00bb33&#8243; down=\u00bb0&#8243;][\/vc_column][\/vc_row]<\/p>\n<\/div>","protected":false},"excerpt":{"rendered":"<p>[vc_row row_type=\u00bbrow\u00bb use_row_as_full_screen_section=\u00bbno\u00bb type=\u00bbfull_width\u00bb angled_section=\u00bbno\u00bb text_align=\u00bbleft\u00bb background_image_as_pattern=\u00bbwithout_pattern\u00bb css_animation=\u00bb\u00bb][vc_column][vc_single_image image=\u00bb15425&#8243; img_size=\u00bbfull\u00bb alignment=\u00bbcenter\u00bb qode_css_animation=\u00bb\u00bb][\/vc_column][\/vc_row][vc_row row_type=\u00bbrow\u00bb use_row_as_full_screen_section=\u00bbno\u00bb type=\u00bbgrid\u00bb&#8230;<\/p>\n","protected":false},"author":1,"featured_media":0,"parent":0,"menu_order":0,"comment_status":"open","ping_status":"closed","template":"","meta":{"content-type":"","footnotes":""},"class_list":["post-15301","page","type-page","status-publish","hentry"],"_links":{"self":[{"href":"https:\/\/gavila.es\/ind\/wp-json\/wp\/v2\/pages\/15301","targetHints":{"allow":["GET"]}}],"collection":[{"href":"https:\/\/gavila.es\/ind\/wp-json\/wp\/v2\/pages"}],"about":[{"href":"https:\/\/gavila.es\/ind\/wp-json\/wp\/v2\/types\/page"}],"author":[{"embeddable":true,"href":"https:\/\/gavila.es\/ind\/wp-json\/wp\/v2\/users\/1"}],"replies":[{"embeddable":true,"href":"https:\/\/gavila.es\/ind\/wp-json\/wp\/v2\/comments?post=15301"}],"version-history":[{"count":14,"href":"https:\/\/gavila.es\/ind\/wp-json\/wp\/v2\/pages\/15301\/revisions"}],"predecessor-version":[{"id":15885,"href":"https:\/\/gavila.es\/ind\/wp-json\/wp\/v2\/pages\/15301\/revisions\/15885"}],"wp:attachment":[{"href":"https:\/\/gavila.es\/ind\/wp-json\/wp\/v2\/media?parent=15301"}],"curies":[{"name":"wp","href":"https:\/\/api.w.org\/{rel}","templated":true}]}}